{"id":466,"date":"2022-03-30T15:06:53","date_gmt":"2022-03-30T15:06:53","guid":{"rendered":"https:\/\/app.chegahoje.com.br\/cliente\/?post_type=product&#038;p=466"},"modified":"2024-02-14T10:32:37","modified_gmt":"2024-02-14T13:32:37","slug":"entrega-chega_hoje","status":"publish","type":"product","link":"https:\/\/app.chegahoje.com.br\/cliente\/produto\/entrega-chega_hoje\/","title":{"rendered":"Motoboy para entrega"},"content":{"rendered":"","protected":false},"excerpt":{"rendered":"<p>As solicita\u00e7\u00f5es de entrega da Chega_Hoje atualmente atende exclusivamente as regi\u00f5es pr\u00f3xima a \u00e1rea metropolitana do recife.<\/p>\n","protected":false},"featured_media":2052,"template":"","meta":[],"product_brand":[],"product_cat":[16],"product_tag":[],"class_list":{"0":"post-466","1":"product","2":"type-product","3":"status-publish","4":"has-post-thumbnail","6":"product_cat-delivery","8":"first","9":"instock","10":"sold-individually","11":"taxable","12":"shipping-taxable","13":"purchasable","14":"product-type-variable","15":"has-default-attributes"},"_links":{"self":[{"href":"https:\/\/app.chegahoje.com.br\/cliente\/wp-json\/wp\/v2\/product\/466","targetHints":{"allow":["GET"]}}],"collection":[{"href":"https:\/\/app.chegahoje.com.br\/cliente\/wp-json\/wp\/v2\/product"}],"about":[{"href":"https:\/\/app.chegahoje.com.br\/cliente\/wp-json\/wp\/v2\/types\/product"}],"version-history":[{"count":4,"href":"https:\/\/app.chegahoje.com.br\/cliente\/wp-json\/wp\/v2\/product\/466\/revisions"}],"predecessor-version":[{"id":5317,"href":"https:\/\/app.chegahoje.com.br\/cliente\/wp-json\/wp\/v2\/product\/466\/revisions\/5317"}],"wp:featuredmedia":[{"embeddable":true,"href":"https:\/\/app.chegahoje.com.br\/cliente\/wp-json\/wp\/v2\/media\/2052"}],"wp:attachment":[{"href":"https:\/\/app.chegahoje.com.br\/cliente\/wp-json\/wp\/v2\/media?parent=466"}],"wp:term":[{"taxonomy":"product_brand","embeddable":true,"href":"https:\/\/app.chegahoje.com.br\/cliente\/wp-json\/wp\/v2\/product_brand?post=466"},{"taxonomy":"product_cat","embeddable":true,"href":"https:\/\/app.chegahoje.com.br\/cliente\/wp-json\/wp\/v2\/product_cat?post=466"},{"taxonomy":"product_tag","embeddable":true,"href":"https:\/\/app.chegahoje.com.br\/cliente\/wp-json\/wp\/v2\/product_tag?post=466"}],"curies":[{"name":"wp","href":"https:\/\/api.w.org\/{rel}","templated":true}]}}