{"id":3222,"date":"2023-09-19T15:45:17","date_gmt":"2023-09-19T18:45:17","guid":{"rendered":"https:\/\/app.chegahoje.com.br\/cliente\/?post_type=product&#038;p=3222"},"modified":"2024-12-03T09:56:14","modified_gmt":"2024-12-03T12:56:14","slug":"pedido-de-entrega-fora-do-horario","status":"publish","type":"product","link":"https:\/\/app.chegahoje.com.br\/cliente\/produto\/pedido-de-entrega-fora-do-horario\/","title":{"rendered":"Entrega fora do hor\u00e1rio"},"content":{"rendered":"<p>INFORMATIVO IMPORTANTE<\/p>\n<p>PEDIDOS REALIZADOS AP\u00d3S \u00c0S 15:00 HORAS, AUTOMATICAMENTE SER\u00c1 ATENDIDOS NO PR\u00d3XIMO DIA \u00daTIL DEVIDO \u00c0 DEMANDA DO DIA EST\u00c1 EM PLENA ATIVIDADE DE ENTREGA.<\/p>\n","protected":false},"excerpt":{"rendered":"<p>INFORMATIVO IMPORTANTE<\/p>\n<p>PEDIDOS REALIZADOS AP\u00d3S \u00c0S 15:00 HORAS, AUTOMATICAMENTE SER\u00c1 ATENDIDOS NO PR\u00d3XIMO DIA \u00daTIL DEVIDO \u00c0 DEMANDA DO DIA EST\u00c1 EM PLENA ATIVIDADE DE ENTREGA.<\/p>\n","protected":false},"featured_media":545,"template":"","meta":[],"product_brand":[],"product_cat":[16],"product_tag":[],"class_list":{"0":"post-3222","1":"product","2":"type-product","3":"status-publish","4":"has-post-thumbnail","6":"product_cat-delivery","8":"first","9":"instock","10":"sold-individually","11":"taxable","12":"shipping-taxable","13":"purchasable","14":"product-type-variable","15":"has-default-attributes"},"_links":{"self":[{"href":"https:\/\/app.chegahoje.com.br\/cliente\/wp-json\/wp\/v2\/product\/3222","targetHints":{"allow":["GET"]}}],"collection":[{"href":"https:\/\/app.chegahoje.com.br\/cliente\/wp-json\/wp\/v2\/product"}],"about":[{"href":"https:\/\/app.chegahoje.com.br\/cliente\/wp-json\/wp\/v2\/types\/product"}],"version-history":[{"count":3,"href":"https:\/\/app.chegahoje.com.br\/cliente\/wp-json\/wp\/v2\/product\/3222\/revisions"}],"predecessor-version":[{"id":5343,"href":"https:\/\/app.chegahoje.com.br\/cliente\/wp-json\/wp\/v2\/product\/3222\/revisions\/5343"}],"wp:featuredmedia":[{"embeddable":true,"href":"https:\/\/app.chegahoje.com.br\/cliente\/wp-json\/wp\/v2\/media\/545"}],"wp:attachment":[{"href":"https:\/\/app.chegahoje.com.br\/cliente\/wp-json\/wp\/v2\/media?parent=3222"}],"wp:term":[{"taxonomy":"product_brand","embeddable":true,"href":"https:\/\/app.chegahoje.com.br\/cliente\/wp-json\/wp\/v2\/product_brand?post=3222"},{"taxonomy":"product_cat","embeddable":true,"href":"https:\/\/app.chegahoje.com.br\/cliente\/wp-json\/wp\/v2\/product_cat?post=3222"},{"taxonomy":"product_tag","embeddable":true,"href":"https:\/\/app.chegahoje.com.br\/cliente\/wp-json\/wp\/v2\/product_tag?post=3222"}],"curies":[{"name":"wp","href":"https:\/\/api.w.org\/{rel}","templated":true}]}}